{"id":3694,"date":"2023-06-07T11:27:47","date_gmt":"2023-06-07T11:27:47","guid":{"rendered":"https:\/\/intlalert.wpenginepowered.com\/%c9%99nn%c9%99ti-v%c9%99-mister-heathcliff-v%c9%99-m%c9%99n\/"},"modified":"2023-06-07T11:27:47","modified_gmt":"2023-06-07T11:27:47","slug":"%c9%99nn%c9%99ti-v%c9%99-mister-heathcliff-v%c9%99-m%c9%99n","status":"publish","type":"page","link":"https:\/\/caucasuspeacebuilding.org\/az\/%c9%99nn%c9%99ti-v%c9%99-mister-heathcliff-v%c9%99-m%c9%99n\/","title":{"rendered":"\u0259nn\u0259ti: v\u0259 mister Heathcliff v\u0259 m\u0259n"},"content":{"rendered":"<p>M\u0259n ev sahibini ziyar\u0259td\u0259n t\u0259z\u0259c\u0259 qay\u0131td\u0131m &#8211; narahat olaca\u011f\u0131m t\u0259nha qon\u015fum. Bu, \u015f\u00fcbh\u0259siz ki, g\u00f6z\u0259l bir \u00f6lk\u0259dir! B\u00fct\u00fcn \u0130ngilt\u0259r\u0259d\u0259 c\u0259miyy\u0259tin ajiotaj\u0131ndan bu q\u0259d\u0259r uzaqla\u015fa bildiyim\u0259 inanm\u0131ram. M\u00fck\u0259mm\u0259l bir misantropistin c\u0259nn\u0259ti: v\u0259 mister Heathcliff v\u0259 m\u0259n xarabal\u0131\u011f\u0131 aram\u0131zda b\u00f6l\u00fc\u015fd\u00fcrm\u0259k \u00fc\u00e7\u00fcn \u00e7ox uy\u011fun c\u00fctl\u0259rik. \u0259nn\u0259ti: v\u0259 mister Heathcliff v\u0259 m\u0259n xarabal\u0131\u011f\u0131 aram\u0131zda b\u00f6l\u00fc\u015fd\u00fcrm\u0259k \u00fc\u00e7\u00fcn \u00e7ox uy\u011fu \u0259nn\u0259ti: v\u0259 mister Heathcliff v\u0259 m\u0259n xarabal\u0131\u011f\u0131 aram\u0131zda b\u00f6l\u00fc\u015fd\u00fcrm\u0259k \u00fc\u00e7\u00fcn \u00e7ox uy\u011fu\u0259nn\u0259ti: v\u0259 mister Heathcliff v\u0259 m\u0259n xarabal\u0131\u011f\u0131 aram\u0131zda b\u00f6l\u00fc\u015fd\u00fcrm\u0259k \u00fc\u00e7\u00fcn \u00e7ox uy\u011fu\u0259nn\u0259ti: v\u0259 mister Heathcliff v\u0259 m\u0259n xarabal\u0131\u011f\u0131 aram\u0131zda b\u00f6l\u00fc\u015fd\u00fcrm\u0259k \u00fc\u00e7\u00fcn \u00e7ox uy\u011fu<\/p>\n","protected":false},"excerpt":{"rendered":"<p>M\u0259n ev sahibini ziyar\u0259td\u0259n t\u0259z\u0259c\u0259 qay\u0131td\u0131m &#8211; narahat olaca\u011f\u0131m t\u0259nha qon\u015fum. Bu, \u015f\u00fcbh\u0259siz ki, g\u00f6z\u0259l bir \u00f6lk\u0259dir! B\u00fct\u00fcn \u0130ngilt\u0259r\u0259d\u0259 c\u0259miyy\u0259tin ajiotaj\u0131ndan bu q\u0259d\u0259r uzaqla\u015fa bildiyim\u0259 inanm\u0131ram. M\u00fck\u0259mm\u0259l bir misantropistin c\u0259nn\u0259ti: v\u0259 mister Heathcliff v\u0259 m\u0259n xarabal\u0131\u011f\u0131 aram\u0131zda b\u00f6l\u00fc\u015fd\u00fcrm\u0259k \u00fc\u00e7\u00fcn \u00e7ox uy\u011fun c\u00fctl\u0259rik. \u0259nn\u0259ti: v\u0259 mister Heathcliff v\u0259 m\u0259n xarabal\u0131\u011f\u0131 aram\u0131zda b\u00f6l\u00fc\u015fd\u00fcrm\u0259k \u00fc\u00e7\u00fcn \u00e7ox uy\u011fu \u0259nn\u0259ti: [&hellip;]<\/p>\n","protected":false},"author":13,"featured_media":0,"parent":0,"menu_order":0,"comment_status":"closed","ping_status":"closed","template":"","meta":{"_acf_changed":false,"_relevanssi_hide_post":"","_relevanssi_pin_for_all":"","_relevanssi_pin_keywords":"","_relevanssi_unpin_keywords":"","_relevanssi_related_keywords":"","_relevanssi_related_include_ids":"","_relevanssi_related_exclude_ids":"","_relevanssi_related_no_append":"","_relevanssi_related_not_related":"","_relevanssi_related_posts":"","_relevanssi_noindex_reason":"","footnotes":""},"class_list":["post-3694","page","type-page","status-publish","hentry"],"acf":[],"_links":{"self":[{"href":"https:\/\/caucasuspeacebuilding.org\/az\/wp-json\/wp\/v2\/pages\/3694"}],"collection":[{"href":"https:\/\/caucasuspeacebuilding.org\/az\/wp-json\/wp\/v2\/pages"}],"about":[{"href":"https:\/\/caucasuspeacebuilding.org\/az\/wp-json\/wp\/v2\/types\/page"}],"author":[{"embeddable":true,"href":"https:\/\/caucasuspeacebuilding.org\/az\/wp-json\/wp\/v2\/users\/13"}],"replies":[{"embeddable":true,"href":"https:\/\/caucasuspeacebuilding.org\/az\/wp-json\/wp\/v2\/comments?post=3694"}],"version-history":[{"count":0,"href":"https:\/\/caucasuspeacebuilding.org\/az\/wp-json\/wp\/v2\/pages\/3694\/revisions"}],"wp:attachment":[{"href":"https:\/\/caucasuspeacebuilding.org\/az\/wp-json\/wp\/v2\/media?parent=3694"}],"curies":[{"name":"wp","href":"https:\/\/api.w.org\/{rel}","templated":true}]}}